{"id":487,"date":"2023-12-18T21:29:08","date_gmt":"2023-12-18T20:29:08","guid":{"rendered":"https:\/\/escrime-samauritain.fr\/?page_id=487"},"modified":"2026-01-24T19:40:38","modified_gmt":"2026-01-24T18:40:38","slug":"sponsors","status":"publish","type":"page","link":"https:\/\/escrime-samauritain.fr\/index.php\/sponsors\/","title":{"rendered":"Sponsors"},"content":{"rendered":"\n<p><style>\/*! elementor - v3.21.0 - 30-04-2024 *\/&lt;br \/><br>.elementor-widget-image-carousel .swiper,.elementor-widget-image-carousel .swiper-container{position:static}.elementor-widget-image-carousel .swiper-container .swiper-slide figure,.elementor-widget-image-carousel .swiper .swiper-slide figure{line-height:inherit}.elementor-widget-image-carousel .swiper-slide{text-align:center}.elementor-image-carousel-wrapper:not(.swiper-container-initialized):not(.swiper-initialized) .swiper-slide{max-width:calc(100% \/ var(--e-image-carousel-slides-to-show, 3))}<\/style><\/p>\n\n\n\n<figure class=\"wp-block-gallery has-nested-images columns-4 wp-block-gallery-1 is-layout-flex wp-block-gallery-is-layout-flex\">\n<figure class=\"wp-block-image size-medium\" style=\"margin-top:var(--wp--preset--spacing--70);margin-bottom:var(--wp--preset--spacing--70)\"><img decoding=\"async\" width=\"300\" height=\"101\" data-id=\"524\" src=\"https:\/\/escrime-samauritain.fr\/wp-content\/uploads\/2024\/05\/logo-bbc-300x101.jpg\" alt=\"\" class=\"wp-image-524\" srcset=\"https:\/\/escrime-samauritain.fr\/wp-content\/uploads\/2024\/05\/logo-bbc-300x101.jpg 300w, https:\/\/escrime-samauritain.fr\/wp-content\/uploads\/2024\/05\/logo-bbc-1024x344.jpg 1024w, https:\/\/escrime-samauritain.fr\/wp-content\/uploads\/2024\/05\/logo-bbc-768x258.jpg 768w, https:\/\/escrime-samauritain.fr\/wp-content\/uploads\/2024\/05\/logo-bbc-1536x516.jpg 1536w, https:\/\/escrime-samauritain.fr\/wp-content\/uploads\/2024\/05\/logo-bbc.jpg 1904w\" sizes=\"(max-width: 300px) 100vw, 300px\" \/><\/figure>\n\n\n\n<figure class=\"wp-block-image size-medium\"><img fetchpriority=\"high\" decoding=\"async\" width=\"300\" height=\"291\" data-id=\"505\" src=\"https:\/\/escrime-samauritain.fr\/wp-content\/uploads\/2024\/05\/logo-Bellime-ci-300x291.jpg\" alt=\"\" class=\"wp-image-505\" srcset=\"https:\/\/escrime-samauritain.fr\/wp-content\/uploads\/2024\/05\/logo-Bellime-ci-300x291.jpg 300w, https:\/\/escrime-samauritain.fr\/wp-content\/uploads\/2024\/05\/logo-Bellime-ci.jpg 609w\" sizes=\"(max-width: 300px) 100vw, 300px\" \/><\/figure>\n\n\n\n<figure class=\"wp-block-image size-thumbnail\"><img decoding=\"async\" width=\"150\" height=\"150\" data-id=\"146\" src=\"https:\/\/escrime-samauritain.fr\/wp-content\/uploads\/2023\/08\/ligue_lyon-logo-150x150.png\" alt=\"\" class=\"wp-image-146\" srcset=\"https:\/\/escrime-samauritain.fr\/wp-content\/uploads\/2023\/08\/ligue_lyon-logo-150x150.png 150w, https:\/\/escrime-samauritain.fr\/wp-content\/uploads\/2023\/08\/ligue_lyon-logo.png 250w\" sizes=\"(max-width: 150px) 100vw, 150px\" \/><\/figure>\n\n\n\n<figure class=\"wp-block-image size-medium\"><img loading=\"lazy\" decoding=\"async\" width=\"300\" height=\"300\" data-id=\"514\" src=\"https:\/\/escrime-samauritain.fr\/wp-content\/uploads\/2024\/05\/Logo-EspritBus2019-Orange-5000pix-300x300.png\" alt=\"\" class=\"wp-image-514\" srcset=\"https:\/\/escrime-samauritain.fr\/wp-content\/uploads\/2024\/05\/Logo-EspritBus2019-Orange-5000pix-300x300.png 300w, https:\/\/escrime-samauritain.fr\/wp-content\/uploads\/2024\/05\/Logo-EspritBus2019-Orange-5000pix-1024x1024.png 1024w, https:\/\/escrime-samauritain.fr\/wp-content\/uploads\/2024\/05\/Logo-EspritBus2019-Orange-5000pix-150x150.png 150w, https:\/\/escrime-samauritain.fr\/wp-content\/uploads\/2024\/05\/Logo-EspritBus2019-Orange-5000pix-768x768.png 768w\" sizes=\"(max-width: 300px) 100vw, 300px\" \/><\/figure>\n\n\n\n<figure class=\"wp-block-image size-medium\"><img loading=\"lazy\" decoding=\"async\" width=\"300\" height=\"266\" data-id=\"665\" src=\"https:\/\/escrime-samauritain.fr\/wp-content\/uploads\/2026\/01\/CASA_logo-1000x886-1-300x266.png\" alt=\"\" class=\"wp-image-665\" srcset=\"https:\/\/escrime-samauritain.fr\/wp-content\/uploads\/2026\/01\/CASA_logo-1000x886-1-300x266.png 300w, https:\/\/escrime-samauritain.fr\/wp-content\/uploads\/2026\/01\/CASA_logo-1000x886-1-768x680.png 768w, https:\/\/escrime-samauritain.fr\/wp-content\/uploads\/2026\/01\/CASA_logo-1000x886-1.png 1000w\" sizes=\"(max-width: 300px) 100vw, 300px\" \/><\/figure>\n\n\n\n<figure class=\"wp-block-image size-medium\"><img loading=\"lazy\" decoding=\"async\" width=\"300\" height=\"239\" data-id=\"539\" src=\"https:\/\/escrime-samauritain.fr\/wp-content\/uploads\/2024\/05\/Logo-Equilibre-et-Environnement_page-0001-300x239.jpg\" alt=\"\" class=\"wp-image-539\" srcset=\"https:\/\/escrime-samauritain.fr\/wp-content\/uploads\/2024\/05\/Logo-Equilibre-et-Environnement_page-0001-300x239.jpg 300w, https:\/\/escrime-samauritain.fr\/wp-content\/uploads\/2024\/05\/Logo-Equilibre-et-Environnement_page-0001-768x611.jpg 768w, https:\/\/escrime-samauritain.fr\/wp-content\/uploads\/2024\/05\/Logo-Equilibre-et-Environnement_page-0001.jpg 932w\" sizes=\"(max-width: 300px) 100vw, 300px\" \/><\/figure>\n\n\n\n<figure class=\"wp-block-image size-medium\"><img loading=\"lazy\" decoding=\"async\" width=\"300\" height=\"274\" data-id=\"664\" src=\"https:\/\/escrime-samauritain.fr\/wp-content\/uploads\/2026\/01\/logo-couzon-s-m-i-1-01-300x274.png\" alt=\"\" class=\"wp-image-664\" srcset=\"https:\/\/escrime-samauritain.fr\/wp-content\/uploads\/2026\/01\/logo-couzon-s-m-i-1-01-300x274.png 300w, https:\/\/escrime-samauritain.fr\/wp-content\/uploads\/2026\/01\/logo-couzon-s-m-i-1-01-1024x935.png 1024w, https:\/\/escrime-samauritain.fr\/wp-content\/uploads\/2026\/01\/logo-couzon-s-m-i-1-01-768x701.png 768w, https:\/\/escrime-samauritain.fr\/wp-content\/uploads\/2026\/01\/logo-couzon-s-m-i-1-01.png 1293w\" sizes=\"(max-width: 300px) 100vw, 300px\" \/><\/figure>\n\n\n\n<figure class=\"wp-block-image size-medium\"><img loading=\"lazy\" decoding=\"async\" width=\"300\" height=\"300\" data-id=\"662\" src=\"https:\/\/escrime-samauritain.fr\/wp-content\/uploads\/2026\/01\/cuisine-reference-300x300.png\" alt=\"\" class=\"wp-image-662\" srcset=\"https:\/\/escrime-samauritain.fr\/wp-content\/uploads\/2026\/01\/cuisine-reference-300x300.png 300w, https:\/\/escrime-samauritain.fr\/wp-content\/uploads\/2026\/01\/cuisine-reference-1024x1024.png 1024w, https:\/\/escrime-samauritain.fr\/wp-content\/uploads\/2026\/01\/cuisine-reference-150x150.png 150w, https:\/\/escrime-samauritain.fr\/wp-content\/uploads\/2026\/01\/cuisine-reference-768x768.png 768w, https:\/\/escrime-samauritain.fr\/wp-content\/uploads\/2026\/01\/cuisine-reference-1536x1536.png 1536w, https:\/\/escrime-samauritain.fr\/wp-content\/uploads\/2026\/01\/cuisine-reference.png 1949w\" sizes=\"(max-width: 300px) 100vw, 300px\" \/><\/figure>\n\n\n\n<figure class=\"wp-block-image size-medium\"><img loading=\"lazy\" decoding=\"async\" width=\"300\" height=\"104\" data-id=\"654\" src=\"https:\/\/escrime-samauritain.fr\/wp-content\/uploads\/2026\/01\/Logo-FFE-300x104.png\" alt=\"Logo FFE\" class=\"wp-image-654\" srcset=\"https:\/\/escrime-samauritain.fr\/wp-content\/uploads\/2026\/01\/Logo-FFE-300x104.png 300w, https:\/\/escrime-samauritain.fr\/wp-content\/uploads\/2026\/01\/Logo-FFE.png 616w\" sizes=\"(max-width: 300px) 100vw, 300px\" \/><\/figure>\n\n\n\n<figure class=\"wp-block-image size-medium\" style=\"margin-top:var(--wp--preset--spacing--40);margin-bottom:var(--wp--preset--spacing--40)\"><img loading=\"lazy\" decoding=\"async\" width=\"300\" height=\"69\" data-id=\"147\" src=\"https:\/\/escrime-samauritain.fr\/wp-content\/uploads\/2023\/08\/region_ara-300x69.jpg\" alt=\"\" class=\"wp-image-147\" srcset=\"https:\/\/escrime-samauritain.fr\/wp-content\/uploads\/2023\/08\/region_ara-300x69.jpg 300w, https:\/\/escrime-samauritain.fr\/wp-content\/uploads\/2023\/08\/region_ara-1024x236.jpg 1024w, https:\/\/escrime-samauritain.fr\/wp-content\/uploads\/2023\/08\/region_ara-768x177.jpg 768w, https:\/\/escrime-samauritain.fr\/wp-content\/uploads\/2023\/08\/region_ara.jpg 1313w\" sizes=\"(max-width: 300px) 100vw, 300px\" \/><\/figure>\n\n\n\n<figure class=\"wp-block-image size-full\"><img loading=\"lazy\" decoding=\"async\" width=\"255\" height=\"86\" data-id=\"149\" src=\"https:\/\/escrime-samauritain.fr\/wp-content\/uploads\/2023\/08\/saint-maurice-lexil.jpg\" alt=\"\" class=\"wp-image-149\"\/><\/figure>\n<\/figure>\n\n\n\n<div style=\"height:100px\" aria-hidden=\"true\" class=\"wp-block-spacer\"><\/div>\n\n\n\n<h2 class=\"wp-block-heading\">Devenir un sponsor du club<\/h2>\n\n\n\n<p>Le Cercle d\u2019Escrime Samauritain \ud83e\udd3a recherche actuellement des sponsors !<\/p>\n\n\n\n<p>Si vous avez des connaissances qui souhaitent participer \u00e0 l\u2019\u00e9volution du club ou bien si vous-m\u00eame \u00eates dans l\u2019entrepreneuriat ou encore si l\u2019entreprise pour laquelle vous travaillez est susceptible d\u2019\u00eatre int\u00e9ress\u00e9e:<\/p>\n\n\n\n<p>Il existe diff\u00e9rentes formules adapt\u00e9es \u00e0 tous les budgets et besoins de votre entreprise, n\u2019h\u00e9sitez pas \u00e0 nous contacter.<\/p>\n\n\n\n<div style=\"height:36px\" aria-hidden=\"true\" class=\"wp-block-spacer\"><\/div>\n\n\n\n<figure class=\"wp-block-image size-full\"><img loading=\"lazy\" decoding=\"async\" width=\"960\" height=\"960\" src=\"https:\/\/escrime-samauritain.fr\/wp-content\/uploads\/2023\/12\/sponsor_looking.jpg\" alt=\"\" class=\"wp-image-488\" srcset=\"https:\/\/escrime-samauritain.fr\/wp-content\/uploads\/2023\/12\/sponsor_looking.jpg 960w, https:\/\/escrime-samauritain.fr\/wp-content\/uploads\/2023\/12\/sponsor_looking-300x300.jpg 300w, https:\/\/escrime-samauritain.fr\/wp-content\/uploads\/2023\/12\/sponsor_looking-150x150.jpg 150w, https:\/\/escrime-samauritain.fr\/wp-content\/uploads\/2023\/12\/sponsor_looking-768x768.jpg 768w\" sizes=\"(max-width: 960px) 100vw, 960px\" \/><\/figure>\n\n\n\n<div style=\"height:40px\" aria-hidden=\"true\" class=\"wp-block-spacer\"><\/div>\n\n\n\n<div class=\"wp-block-buttons is-content-justification-center is-layout-flex wp-container-core-buttons-is-layout-a89b3969 wp-block-buttons-is-layout-flex\">\n<div class=\"wp-block-button has-custom-width wp-block-button__width-100\"><a class=\"wp-block-button__link has-background wp-element-button\" href=\"https:\/\/escrime-samauritain.fr\/wp-content\/uploads\/2023\/12\/Dossier-sportif-CES.pdf\" style=\"background:linear-gradient(120deg,rgb(15,5,107) 0%,rgb(133,6,6) 100%)\" target=\"_blank\" rel=\"noreferrer noopener\">T\u00e9l\u00e9charger le dossier<\/a><\/div>\n<\/div>\n\n\n\n<div style=\"height:114px\" aria-hidden=\"true\" class=\"wp-block-spacer\"><\/div>\n","protected":false},"excerpt":{"rendered":"<p>Devenir un sponsor du club Le Cercle d\u2019Escrime Samauritain \ud83e\udd3a recherche actuellement des sponsors ! Si vous avez des connaissances qui souhaitent participer \u00e0 l\u2019\u00e9volution du club ou bien si vous-m\u00eame \u00eates dans l\u2019entrepreneuriat ou encore si l\u2019entreprise pour laquelle vous travaillez est susceptible d\u2019\u00eatre int\u00e9ress\u00e9e: Il existe diff\u00e9rentes formules<\/p>\n","protected":false},"author":1,"featured_media":471,"parent":0,"menu_order":0,"comment_status":"closed","ping_status":"closed","template":"","meta":{"_monsterinsights_skip_tracking":false,"_monsterinsights_sitenote_active":false,"_monsterinsights_sitenote_note":"","_monsterinsights_sitenote_category":0,"footnotes":""},"class_list":["post-487","page","type-page","status-publish","has-post-thumbnail","hentry"],"aioseo_notices":[],"_links":{"self":[{"href":"https:\/\/escrime-samauritain.fr\/index.php\/wp-json\/wp\/v2\/pages\/487","targetHints":{"allow":["GET"]}}],"collection":[{"href":"https:\/\/escrime-samauritain.fr\/index.php\/wp-json\/wp\/v2\/pages"}],"about":[{"href":"https:\/\/escrime-samauritain.fr\/index.php\/wp-json\/wp\/v2\/types\/page"}],"author":[{"embeddable":true,"href":"https:\/\/escrime-samauritain.fr\/index.php\/wp-json\/wp\/v2\/users\/1"}],"replies":[{"embeddable":true,"href":"https:\/\/escrime-samauritain.fr\/index.php\/wp-json\/wp\/v2\/comments?post=487"}],"version-history":[{"count":22,"href":"https:\/\/escrime-samauritain.fr\/index.php\/wp-json\/wp\/v2\/pages\/487\/revisions"}],"predecessor-version":[{"id":676,"href":"https:\/\/escrime-samauritain.fr\/index.php\/wp-json\/wp\/v2\/pages\/487\/revisions\/676"}],"wp:featuredmedia":[{"embeddable":true,"href":"https:\/\/escrime-samauritain.fr\/index.php\/wp-json\/wp\/v2\/media\/471"}],"wp:attachment":[{"href":"https:\/\/escrime-samauritain.fr\/index.php\/wp-json\/wp\/v2\/media?parent=487"}],"curies":[{"name":"wp","href":"https:\/\/api.w.org\/{rel}","templated":true}]}}