{"id":286,"date":"2023-08-09T18:41:42","date_gmt":"2023-08-09T16:41:42","guid":{"rendered":"http:\/\/unwubqy.cluster027.hosting.ovh.net\/?page_id=286"},"modified":"2026-01-24T21:22:10","modified_gmt":"2026-01-24T20:22:10","slug":"eveil-escrime","status":"publish","type":"page","link":"https:\/\/escrime-samauritain.fr\/index.php\/eveil-escrime\/","title":{"rendered":"\u00c9veil Escrime"},"content":{"rendered":"\n<h2 class=\"wp-block-heading\">Pr\u00e9sentation<\/h2>\n\n\n\n<div class=\"wp-block-columns is-layout-flex wp-container-core-columns-is-layout-80f98941 wp-block-columns-is-layout-flex\" style=\"padding-top:var(--wp--preset--spacing--60);padding-bottom:var(--wp--preset--spacing--60)\">\n<div class=\"wp-block-column is-layout-flow wp-block-column-is-layout-flow\">\n<p>Depuis toujours certains \u00e9ducateurs ont tent\u00e9 d&rsquo;am\u00e9nager les r\u00e8gles et le mat\u00e9riel pour mettre \u00e0 la port\u00e9e de la petite enfance la pratique de l&rsquo;escrime.<\/p>\n\n\n\n<p>C&rsquo;est chose faite avec l&rsquo;<strong>Eveil Escrime<\/strong>. L&rsquo;appellation de cette pratique est le symbole le plus \u00e9vident de la volont\u00e9 de la <strong>FFE<\/strong> de donner le cap.<\/p>\n<\/div>\n\n\n\n<div class=\"wp-block-column is-layout-flow wp-block-column-is-layout-flow\">\n<figure class=\"wp-block-image size-full\"><img fetchpriority=\"high\" decoding=\"async\" width=\"580\" height=\"348\" src=\"https:\/\/escrime-samauritain.fr\/wp-content\/uploads\/2026\/01\/eveil_baby1-edited.png\" alt=\"\" class=\"wp-image-683\" style=\"aspect-ratio:4\/3;object-fit:cover\" srcset=\"https:\/\/escrime-samauritain.fr\/wp-content\/uploads\/2026\/01\/eveil_baby1-edited.png 580w, https:\/\/escrime-samauritain.fr\/wp-content\/uploads\/2026\/01\/eveil_baby1-edited-300x180.png 300w\" sizes=\"(max-width: 580px) 100vw, 580px\" \/><\/figure>\n<\/div>\n<\/div>\n\n\n\n<p>L&rsquo;Eveil est un terme fran\u00e7ais, langue officielle de l&rsquo;escrime dont la fonction est de provoquer l&rsquo;attention, stimuler l&rsquo;int\u00e9r\u00eat et pr\u00e9parer les plus jeunes \u00e0 l&rsquo;escrime.<\/p>\n\n\n\n<p>L&rsquo;Eveil Escrime concerne les enfants de quatre \u00e0 six ans. Durant les s\u00e9ances, l&rsquo;enfant va participer \u00e0 des jeux destin\u00e9s \u00e0 d\u00e9velopper sa socialisation, le sens de la r\u00e9flexion, l&rsquo;habilit\u00e9, l&rsquo;\u00e9quilibre, la dext\u00e9rit\u00e9, la coordination&#8230; Sans qu&rsquo;il y ait d&rsquo;affrontement direct. Il s&rsquo;agit surtout d&rsquo;une approche globale de la discipline afin d&rsquo;acqu\u00e9rir des r\u00e9flexes qui seront indispensables ensuite \u00e0 la bonne pratique de l&rsquo;escrime.<\/p>\n\n\n\n<p>L&rsquo;Eveil Escrime est une pratique \u00e9vidente dans un club car son caract\u00e8re \u00e9ducatif est ind\u00e9niable. En acceptant comme un jeu un affrontement sportif, o\u00f9 il s&rsquo;agit \u00ab\u00a0de toucher et de ne pas se faire toucher\u00a0\u00bb, l&rsquo;enfant va d\u00e9couvrir et ma\u00eetriser :<\/p>\n\n\n\n<div class=\"wp-block-columns is-layout-flex wp-container-core-columns-is-layout-12db112f wp-block-columns-is-layout-flex\" style=\"margin-top:var(--wp--preset--spacing--60);margin-bottom:var(--wp--preset--spacing--60);padding-top:0;padding-right:0;padding-bottom:0;padding-left:0\">\n<div class=\"wp-block-column is-layout-flow wp-block-column-is-layout-flow\">\n<ul class=\"wp-block-list\">\n<li>Ma\u00eetriser son corps et \u00e9tendre sa perception<\/li>\n\n\n\n<li>L\u2019autre comme adversaire mais aussi comme ami pour s\u2019\u00e9quiper, s\u2019entraider, et s\u2019encourager.<\/li>\n\n\n\n<li>Des outils qui figurent des armes pour attaquer et se d\u00e9fendre mais aussi pour d\u00e9velopper la psycho motricit\u00e9.<\/li>\n\n\n\n<li>Rentrer dans une culture o\u00f9 l\u2019histoire, le jeu, les r\u00e9sultats, les passions, les combats, les valeurs tiennent une grand place.<\/li>\n<\/ul>\n<\/div>\n\n\n\n<div class=\"wp-block-column is-layout-flow wp-block-column-is-layout-flow\">\n<figure class=\"wp-block-image size-full\"><img decoding=\"async\" width=\"517\" height=\"310\" src=\"https:\/\/escrime-samauritain.fr\/wp-content\/uploads\/2026\/01\/eveil_baby2-edited.png\" alt=\"\" class=\"wp-image-684\" srcset=\"https:\/\/escrime-samauritain.fr\/wp-content\/uploads\/2026\/01\/eveil_baby2-edited.png 517w, https:\/\/escrime-samauritain.fr\/wp-content\/uploads\/2026\/01\/eveil_baby2-edited-300x180.png 300w\" sizes=\"(max-width: 517px) 100vw, 517px\" \/><\/figure>\n<\/div>\n<\/div>\n\n\n\n<h2 class=\"wp-block-heading\">Pratique<\/h2>\n\n\n\n<p>\u00c9quip\u00e9 ou pas d&rsquo;un masque et d&rsquo;une petite arme en plastique l&rsquo;enfant apprend \u00e0 ma\u00eetriser son corps en sautant dans des cerceaux, \u00e0 contr\u00f4ler ses gestes en jouant avec une balle de tennis, \u00e0 se situer dans l&rsquo;espace sur des parcours de d\u00e9couverte ou moyennant des jeux collectifs\u2026<\/p>\n\n\n\n<div style=\"height:100px\" aria-hidden=\"true\" class=\"wp-block-spacer\"><\/div>\n","protected":false},"excerpt":{"rendered":"<p>Pr\u00e9sentation Depuis toujours certains \u00e9ducateurs ont tent\u00e9 d&rsquo;am\u00e9nager les r\u00e8gles et le mat\u00e9riel pour mettre \u00e0 la port\u00e9e de la petite enfance la pratique de l&rsquo;escrime. C&rsquo;est chose faite avec l&rsquo;Eveil Escrime. L&rsquo;appellation de cette pratique est le symbole le plus \u00e9vident de la volont\u00e9 de la FFE de donner<\/p>\n","protected":false},"author":1,"featured_media":335,"parent":0,"menu_order":0,"comment_status":"closed","ping_status":"closed","template":"","meta":{"_monsterinsights_skip_tracking":false,"_monsterinsights_sitenote_active":false,"_monsterinsights_sitenote_note":"","_monsterinsights_sitenote_category":0,"footnotes":""},"class_list":["post-286","page","type-page","status-publish","has-post-thumbnail","hentry"],"aioseo_notices":[],"_links":{"self":[{"href":"https:\/\/escrime-samauritain.fr\/index.php\/wp-json\/wp\/v2\/pages\/286","targetHints":{"allow":["GET"]}}],"collection":[{"href":"https:\/\/escrime-samauritain.fr\/index.php\/wp-json\/wp\/v2\/pages"}],"about":[{"href":"https:\/\/escrime-samauritain.fr\/index.php\/wp-json\/wp\/v2\/types\/page"}],"author":[{"embeddable":true,"href":"https:\/\/escrime-samauritain.fr\/index.php\/wp-json\/wp\/v2\/users\/1"}],"replies":[{"embeddable":true,"href":"https:\/\/escrime-samauritain.fr\/index.php\/wp-json\/wp\/v2\/comments?post=286"}],"version-history":[{"count":8,"href":"https:\/\/escrime-samauritain.fr\/index.php\/wp-json\/wp\/v2\/pages\/286\/revisions"}],"predecessor-version":[{"id":688,"href":"https:\/\/escrime-samauritain.fr\/index.php\/wp-json\/wp\/v2\/pages\/286\/revisions\/688"}],"wp:featuredmedia":[{"embeddable":true,"href":"https:\/\/escrime-samauritain.fr\/index.php\/wp-json\/wp\/v2\/media\/335"}],"wp:attachment":[{"href":"https:\/\/escrime-samauritain.fr\/index.php\/wp-json\/wp\/v2\/media?parent=286"}],"curies":[{"name":"wp","href":"https:\/\/api.w.org\/{rel}","templated":true}]}}