{"id":223,"date":"2023-08-09T17:25:57","date_gmt":"2023-08-09T15:25:57","guid":{"rendered":"http:\/\/unwubqy.cluster027.hosting.ovh.net\/?page_id=223"},"modified":"2025-06-29T00:16:47","modified_gmt":"2025-06-28T22:16:47","slug":"inscriptions","status":"publish","type":"page","link":"https:\/\/escrime-samauritain.fr\/index.php\/inscriptions\/","title":{"rendered":"Inscriptions"},"content":{"rendered":"\n<p><strong>Quand ?<\/strong> Vous pouvez nous contacter \u00e0 n&rsquo;importe quel moment de l&rsquo;ann\u00e9e.<\/p>\n\n\n\n<p><strong>Comment ?<\/strong> Le bureau est disponible par mail ou par t\u00e9l\u00e9phone. Si vous tombez sur notre r\u00e9pondeur, laissez un message vocal avec l&rsquo;objet de votre demande et votre contact. Vous pouvez aussi venir rencontrer les ma\u00eetre d&rsquo;armes en d\u00e9but ou fin de cours. Ces informations sont disponibles dans la rubrique \u00ab\u00a0<a data-type=\"link\" data-id=\"http:\/\/index.php\/#contact\" href=\"\/index.php\/#contact\">Contact<\/a>\u00ab\u00a0. Nous sommes aussi accessible via <a href=\"https:\/\/www.facebook.com\/EscrimeSamauritain\">Facebook<\/a>.<\/p>\n\n\n\n<p><strong>Quels sont les documents \u00e0 remplir ?<\/strong> Vous trouverez ci-dessous des liens pdf qui vous m\u00e8neront vers ces documents qui sont \u00e0 imprimer et \u00e0 remplir avant de nous les remettre en main propre.<\/p>\n\n\n\n<div style=\"height:50px\" aria-hidden=\"true\" class=\"wp-block-spacer\"><\/div>\n\n\n\n<div class=\"wp-block-buttons alignfull is-vertical is-content-justification-center is-layout-flex wp-container-core-buttons-is-layout-c8733f07 wp-block-buttons-is-layout-flex\">\n<div class=\"wp-block-button has-custom-width wp-block-button__width-50\"><a class=\"wp-block-button__link has-background wp-element-button\" href=\"http:\/\/escrime-samauritain.fr\/wp-content\/uploads\/2025\/06\/fiche_inscription_2025-2026.pdf\" style=\"background:linear-gradient(135deg,rgb(15,5,107) 0%,rgb(133,6,6) 100%)\" target=\"_blank\" rel=\"noreferrer noopener\">Formulaire d&rsquo;Inscription (PDF)<\/a><\/div>\n<\/div>\n\n\n\n<div style=\"height:50px\" aria-hidden=\"true\" class=\"wp-block-spacer\"><\/div>\n\n\n\n<p><strong>Pour le certificat m\u00e9dical<\/strong>, il est n\u00e9cessaire <strong>uniquement<\/strong> si vous cochez \u00ab\u00a0Non\u00a0\u00bb dans l&rsquo;une des cases du questionnaire que vous trouverez ci-dessous. <strong>Les questionnaires sont obligatoires<\/strong> et sont diff\u00e9rents si vous \u00eates mineurs ou majeurs.<br>Les escrimeurs qui renouvellent leur licence au club disposent d\u00e9j\u00e0 d&rsquo;un certificat qui est valable 3 ans \u00e0 partir de la date d\u2019\u00e9mission (si dat\u00e9 apr\u00e8s le 01\/09\/2016).<\/p>\n\n\n\n<p>Le certificat m\u00e9dical sera \u00e9tabli obligatoirement sur un mod\u00e8le sp\u00e9cifique \u00e9tabli chaque saison par la commission m\u00e9dicale pour les publics suivants (en t\u00e9l\u00e9chargement plus bas) :<\/p>\n\n\n\n<ul class=\"wp-block-list\">\n<li>v\u00e9t\u00e9rans<\/li>\n\n\n\n<li>enseignants d\u2019escrime<\/li>\n\n\n\n<li>publics escrime et sant\u00e9 (cancer du sein, ateliers th\u00e9rapeutiques violences sexuelles, sport sur ordonnance)<\/li>\n<\/ul>\n\n\n\n<p>Pour plus d&rsquo;informations : <a href=\"http:\/\/www.escrime-ffe.fr\/commission-medicale\/certificats-medicaux-et-procedure-de-surclassements\" target=\"_blank\" rel=\"noreferrer noopener\">voir le site officiel de la ffe.<\/a> Vous trouverez ci-dessous les diff\u00e9rents documents concernant les modalit\u00e9s du certificat m\u00e9dical :<\/p>\n\n\n\n<ul class=\"wp-block-list\">\n<li><a href=\"http:\/\/escrime-samauritain.fr\/wp-content\/uploads\/2024\/08\/questionnaire-mineurs.pdf\" target=\"_blank\" rel=\"noopener\" title=\"\">Questionnaire pour les personnes Mineures<\/a><\/li>\n\n\n\n<li><a href=\"http:\/\/escrime-samauritain.fr\/wp-content\/uploads\/2024\/08\/questionnaire-majeurs.pdf\" target=\"_blank\" rel=\"noopener\" title=\"\">Questionnaire pour les personnes Majeures<\/a><\/li>\n\n\n\n<li><a href=\"http:\/\/escrime-samauritain.fr\/wp-content\/uploads\/2023\/08\/certificat_medical.pdf\" data-type=\"attachment\" data-id=\"349\" target=\"_blank\" rel=\"noreferrer noopener\">Certificat M\u00e9dical<\/a><\/li>\n<\/ul>\n\n\n\n<p><strong>Quand est ce que les cours commencent ?<\/strong> Les cours du mardi commencent \u00e0 partir du 12 septembre 2023 et les cours du samedi commencent \u00e0 partir du 16 septembre 2017.<\/p>\n\n\n\n<p><strong>Quelles sont les modalit\u00e9s de paiement ?<\/strong> Vous pouvez payer par ch\u00e8que ou par esp\u00e8ces, comptant ou divisable en trois fois maximum.<\/p>\n","protected":false},"excerpt":{"rendered":"<p>Quand ? Vous pouvez nous contacter \u00e0 n&rsquo;importe quel moment de l&rsquo;ann\u00e9e. Comment ? Le bureau est disponible par mail ou par t\u00e9l\u00e9phone. Si vous tombez sur notre r\u00e9pondeur, laissez un message vocal avec l&rsquo;objet de votre demande et votre contact. Vous pouvez aussi venir rencontrer les ma\u00eetre d&rsquo;armes en<\/p>\n","protected":false},"author":1,"featured_media":224,"parent":0,"menu_order":0,"comment_status":"closed","ping_status":"closed","template":"","meta":{"_monsterinsights_skip_tracking":false,"_monsterinsights_sitenote_active":false,"_monsterinsights_sitenote_note":"","_monsterinsights_sitenote_category":0,"footnotes":""},"class_list":["post-223","page","type-page","status-publish","has-post-thumbnail","hentry"],"aioseo_notices":[],"_links":{"self":[{"href":"https:\/\/escrime-samauritain.fr\/index.php\/wp-json\/wp\/v2\/pages\/223","targetHints":{"allow":["GET"]}}],"collection":[{"href":"https:\/\/escrime-samauritain.fr\/index.php\/wp-json\/wp\/v2\/pages"}],"about":[{"href":"https:\/\/escrime-samauritain.fr\/index.php\/wp-json\/wp\/v2\/types\/page"}],"author":[{"embeddable":true,"href":"https:\/\/escrime-samauritain.fr\/index.php\/wp-json\/wp\/v2\/users\/1"}],"replies":[{"embeddable":true,"href":"https:\/\/escrime-samauritain.fr\/index.php\/wp-json\/wp\/v2\/comments?post=223"}],"version-history":[{"count":12,"href":"https:\/\/escrime-samauritain.fr\/index.php\/wp-json\/wp\/v2\/pages\/223\/revisions"}],"predecessor-version":[{"id":651,"href":"https:\/\/escrime-samauritain.fr\/index.php\/wp-json\/wp\/v2\/pages\/223\/revisions\/651"}],"wp:featuredmedia":[{"embeddable":true,"href":"https:\/\/escrime-samauritain.fr\/index.php\/wp-json\/wp\/v2\/media\/224"}],"wp:attachment":[{"href":"https:\/\/escrime-samauritain.fr\/index.php\/wp-json\/wp\/v2\/media?parent=223"}],"curies":[{"name":"wp","href":"https:\/\/api.w.org\/{rel}","templated":true}]}}