{"id":2,"date":"2023-06-28T15:16:12","date_gmt":"2023-06-28T13:16:12","guid":{"rendered":"http:\/\/unwubqy.cluster027.hosting.ovh.net\/?page_id=2"},"modified":"2025-06-29T00:11:09","modified_gmt":"2025-06-28T22:11:09","slug":"horaires-tarifs","status":"publish","type":"page","link":"https:\/\/escrime-samauritain.fr\/index.php\/horaires-tarifs\/","title":{"rendered":"Horaires &#038; Tarifs"},"content":{"rendered":"\n<h1 class=\"wp-block-heading\">Horaires<\/h1>\n\n\n\n<blockquote class=\"wp-block-quote is-layout-flow wp-block-quote-is-layout-flow\">\n<p>Il est important d&rsquo;arriver 10 minutes avant le d\u00e9but de votre cours.<\/p>\n<\/blockquote>\n\n\n\n<figure class=\"wp-block-table is-style-stripes\"><table><thead><tr><th>Ann\u00e9e<\/th><th>Cat\u00e9gorie<\/th><th>Mardi<\/th><th>Samedi<\/th><\/tr><\/thead><tbody><tr><td>2019 &#8211; 2020<\/td><td>M7<\/td><td><strong>Pas de cours<\/strong><\/td><td>09h00 &#8211; 10h00<\/td><\/tr><tr><td>2016 &#8211; 2017 &#8211; 2018<\/td><td>M9 &#8211; M11<\/td><td>17h30 &#8211; 18h30<\/td><td>10h00 &#8211; 11h00<\/td><\/tr><tr><td>2012 &#8211; 2013 &#8211; 2014 &#8211; 2015<\/td><td>M13 &#8211; M15<\/td><td>18h30 &#8211; 19h45<\/td><td>11h00 &#8211; 12h15<\/td><\/tr><tr><td>2011 et avant<\/td><td>M17 &#8211; M20 &#8211; Senior<\/td><td>19h45 &#8211; 21h00<\/td><td>12h15 &#8211; 13h30<\/td><\/tr><\/tbody><\/table><\/figure>\n\n\n\n<p class=\"has-text-align-right has-small-font-size\"><\/p>\n\n\n\n<h1 class=\"wp-block-heading\">Tarifs<\/h1>\n\n\n\n<blockquote class=\"wp-block-quote is-layout-flow wp-block-quote-is-layout-flow\">\n<p>Les Tarifs inclus la cotisation et la licence pour l&rsquo;ann\u00e9e.<\/p>\n<\/blockquote>\n\n\n\n<figure class=\"wp-block-table is-style-stripes\"><table><thead><tr><th class=\"has-text-align-center\" data-align=\"center\">2019 &#8211; 2020<\/th><th class=\"has-text-align-center\" data-align=\"center\">2016 &#8211; 2017 \/ 2018<\/th><th class=\"has-text-align-center\" data-align=\"center\">2012 &#8211; 2013 &#8211; 2014 &#8211; 2015<\/th><th class=\"has-text-align-center\" data-align=\"center\">2011 et avant<\/th><\/tr><\/thead><tbody><tr><td class=\"has-text-align-center\" data-align=\"center\">162\u20ac<\/td><td class=\"has-text-align-center\" data-align=\"center\">182\u20ac \/ 197\u20ac<\/td><td class=\"has-text-align-center\" data-align=\"center\">200\u20ac<\/td><td class=\"has-text-align-center\" data-align=\"center\">210\u20ac<\/td><\/tr><\/tbody><\/table><\/figure>\n\n\n\n<p class=\"has-text-align-right has-small-font-size\"><\/p>\n\n\n\n<h1 class=\"wp-block-heading\">Locations<\/h1>\n\n\n\n<blockquote class=\"wp-block-quote is-layout-flow wp-block-quote-is-layout-flow\">\n<p>Location du Mat\u00e9riel<\/p>\n<\/blockquote>\n\n\n\n<figure class=\"wp-block-table is-style-stripes\"><table class=\"has-fixed-layout\"><thead><tr><th class=\"has-text-align-center\" data-align=\"center\">Veste<\/th><th class=\"has-text-align-center\" data-align=\"center\">Masque<\/th><th class=\"has-text-align-center\" data-align=\"center\">Pantalon<\/th><th class=\"has-text-align-center\" data-align=\"center\">Sous-Cuirasse<\/th><\/tr><\/thead><tbody><tr><td class=\"has-text-align-center\" data-align=\"center\">25\u20ac<\/td><td class=\"has-text-align-center\" data-align=\"center\">25\u20ac<\/td><td class=\"has-text-align-center\" data-align=\"center\">25\u20ac<\/td><td class=\"has-text-align-center\" data-align=\"center\">25\u20ac<\/td><\/tr><\/tbody><\/table><figcaption class=\"wp-element-caption\">Caution de 100\u20ac\/pi\u00e8ce<\/figcaption><\/figure>\n\n\n\n<div style=\"height:100px\" aria-hidden=\"true\" class=\"wp-block-spacer\"><\/div>\n\n\n\n<div class=\"wp-block-buttons is-layout-flex wp-block-buttons-is-layout-flex\">\n<div class=\"wp-block-button has-custom-width wp-block-button__width-100 is-style-outline is-style-outline--1\"><a class=\"wp-block-button__link has-white-color has-text-color has-background wp-element-button\" href=\"\/index.php\/inscriptions\/\" style=\"background:linear-gradient(135deg,rgb(15,5,107) 0%,rgb(133,6,6) 100%)\">S&rsquo;inscrire<\/a><\/div>\n<\/div>\n\n\n\n<div style=\"height:100px\" aria-hidden=\"true\" class=\"wp-block-spacer\"><\/div>\n","protected":false},"excerpt":{"rendered":"<p>Horaires Il est important d&rsquo;arriver 10 minutes avant le d\u00e9but de votre cours. Ann\u00e9e Cat\u00e9gorie Mardi Samedi 2019 &#8211; 2020 M7 Pas de cours 09h00 &#8211; 10h00 2016 &#8211; 2017 &#8211; 2018 M9 &#8211; M11 17h30 &#8211; 18h30 10h00 &#8211; 11h00 2012 &#8211; 2013 &#8211; 2014 &#8211; 2015 M13 &#8211;<\/p>\n","protected":false},"author":1,"featured_media":229,"parent":0,"menu_order":0,"comment_status":"closed","ping_status":"open","template":"","meta":{"_monsterinsights_skip_tracking":false,"_monsterinsights_sitenote_active":false,"_monsterinsights_sitenote_note":"","_monsterinsights_sitenote_category":0,"footnotes":""},"class_list":["post-2","page","type-page","status-publish","has-post-thumbnail","hentry"],"aioseo_notices":[],"_links":{"self":[{"href":"https:\/\/escrime-samauritain.fr\/index.php\/wp-json\/wp\/v2\/pages\/2","targetHints":{"allow":["GET"]}}],"collection":[{"href":"https:\/\/escrime-samauritain.fr\/index.php\/wp-json\/wp\/v2\/pages"}],"about":[{"href":"https:\/\/escrime-samauritain.fr\/index.php\/wp-json\/wp\/v2\/types\/page"}],"author":[{"embeddable":true,"href":"https:\/\/escrime-samauritain.fr\/index.php\/wp-json\/wp\/v2\/users\/1"}],"replies":[{"embeddable":true,"href":"https:\/\/escrime-samauritain.fr\/index.php\/wp-json\/wp\/v2\/comments?post=2"}],"version-history":[{"count":9,"href":"https:\/\/escrime-samauritain.fr\/index.php\/wp-json\/wp\/v2\/pages\/2\/revisions"}],"predecessor-version":[{"id":587,"href":"https:\/\/escrime-samauritain.fr\/index.php\/wp-json\/wp\/v2\/pages\/2\/revisions\/587"}],"wp:featuredmedia":[{"embeddable":true,"href":"https:\/\/escrime-samauritain.fr\/index.php\/wp-json\/wp\/v2\/media\/229"}],"wp:attachment":[{"href":"https:\/\/escrime-samauritain.fr\/index.php\/wp-json\/wp\/v2\/media?parent=2"}],"curies":[{"name":"wp","href":"https:\/\/api.w.org\/{rel}","templated":true}]}}