{"id":178,"date":"2023-08-03T18:35:29","date_gmt":"2023-08-03T16:35:29","guid":{"rendered":"http:\/\/unwubqy.cluster027.hosting.ovh.net\/?page_id=178"},"modified":"2023-10-25T10:37:04","modified_gmt":"2023-10-25T08:37:04","slug":"presentation","status":"publish","type":"page","link":"https:\/\/escrime-samauritain.fr\/index.php\/presentation\/","title":{"rendered":"Pr\u00e9sentation de l&rsquo;Escrime"},"content":{"rendered":"\n<div class=\"wp-block-media-text is-stacked-on-mobile is-image-fill\"><figure class=\"wp-block-media-text__media\" style=\"background-image:url(http:\/\/escrime-samauritain.fr\/wp-content\/uploads\/2023\/08\/escrime_respect-1.png);background-position:50% 50%\"><img fetchpriority=\"high\" decoding=\"async\" width=\"300\" height=\"300\" src=\"http:\/\/escrime-samauritain.fr\/wp-content\/uploads\/2023\/08\/escrime_respect-1.png\" alt=\"\" class=\"wp-image-261 size-full\" srcset=\"https:\/\/escrime-samauritain.fr\/wp-content\/uploads\/2023\/08\/escrime_respect-1.png 300w, https:\/\/escrime-samauritain.fr\/wp-content\/uploads\/2023\/08\/escrime_respect-1-150x150.png 150w\" sizes=\"(max-width: 300px) 100vw, 300px\" \/><\/figure><div class=\"wp-block-media-text__content\">\n<p><strong>Respect et Ma\u00eetrise de soi<\/strong> sont les ma\u00eetres mots de l&rsquo;escrime. Sport de combat, il n&rsquo;est en aucun cas bas\u00e9 sur la force. L&rsquo;escrime est une discipline compl\u00e8te qui demande de la vitesse, de la pr\u00e9cision et des r\u00e9flexes. Sport individuel mais impossible sans partenaire, il se pratique aussi en \u00e9quipe.<\/p>\n\n\n\n<p>L&rsquo;Escrime est un <strong>Sport Olympique Fran\u00e7ais Majeur<\/strong>, avec plus de 115 m\u00e9dailles olympiques au compteur&#8230; Laura Flessel Colovic, Brice Guyart, Eric Srecki, Christian d&rsquo;Oriola sont les escrimeurs les plus titr\u00e9s et les plus connus des sportifs fran\u00e7ais.<\/p>\n<\/div><\/div>\n\n\n\n<div style=\"height:20px\" aria-hidden=\"true\" class=\"wp-block-spacer\"><\/div>\n\n\n\n<p>C&rsquo;est un sport en expansion la F.F.E compte 64 000 licenci\u00e9s, 120 000 pratiquants, et plus de 800 clubs. Il n&rsquo;existe aucune contrainte m\u00e9dicale pour pratiquer ce sport. L&rsquo;\u00e9quipement est l\u00e9ger et la pratique tr\u00e8s s\u00e9curis\u00e9e. De plus gr\u00e2ce \u00e0 des Ma\u00eetres d&rsquo;Armes qualifi\u00e9s, vous ma\u00eetriserez rapidement la technique et la coordination des gestes.<\/p>\n\n\n\n<p>L&rsquo;escrime d\u00e9veloppe aussi bien la concentration que la r\u00e9flexion. Pour harmoniser au mieux le corps et l&rsquo;esprit !<\/p>\n\n\n\n<p>Lib\u00e9rez vous&#8230;le jeu est \u00e0 la pointe de l&rsquo;\u00e9p\u00e9e et vous permet de vous mesurer \u00e0 vos adversaires dans la plus grande convivialit\u00e9. Affinez vous&#8230;Id\u00e9al pour l&rsquo;entretien musculaire, l&rsquo;escrime vous tonifie et affine votre silhouette : \u00e9l\u00e9gance et ligne feront partie de votre quotidien !<\/p>\n\n\n\n<hr class=\"wp-block-separator has-alpha-channel-opacity\"\/>\n\n\n\n<h2 class=\"wp-block-heading has-text-align-center\">Histoire<\/h2>\n\n\n\n<div class=\"wp-block-media-text has-media-on-the-right is-stacked-on-mobile is-image-fill\"><div class=\"wp-block-media-text__content\">\n<p>C&rsquo;est un sport en expansion la F.F.E compte 64 000 licenci\u00e9s, 120 000 pratiquants, et plus de 800 clubs. Il n&rsquo;existe aucune contrainte m\u00e9dicale pour pratiquer ce sport. L&rsquo;\u00e9quipement est l\u00e9ger et la pratique tr\u00e8s s\u00e9curis\u00e9e. De plus gr\u00e2ce \u00e0 des Ma\u00eetres d&rsquo;Armes qualifi\u00e9s, vous ma\u00eetriserez rapidement la technique et la coordination des gestes.<\/p>\n\n\n\n<p>L&rsquo;escrime d\u00e9veloppe aussi bien la concentration que la r\u00e9flexion. Pour harmoniser au mieux le corps et l&rsquo;esprit !<\/p>\n<\/div><figure class=\"wp-block-media-text__media\" style=\"background-image:url(http:\/\/escrime-samauritain.fr\/wp-content\/uploads\/2023\/08\/escrime_engagement.png);background-position:50% 50%\"><img decoding=\"async\" width=\"300\" height=\"300\" src=\"http:\/\/escrime-samauritain.fr\/wp-content\/uploads\/2023\/08\/escrime_engagement.png\" alt=\"\" class=\"wp-image-262 size-full\" srcset=\"https:\/\/escrime-samauritain.fr\/wp-content\/uploads\/2023\/08\/escrime_engagement.png 300w, https:\/\/escrime-samauritain.fr\/wp-content\/uploads\/2023\/08\/escrime_engagement-150x150.png 150w\" sizes=\"(max-width: 300px) 100vw, 300px\" \/><\/figure><\/div>\n\n\n\n<div style=\"height:20px\" aria-hidden=\"true\" class=\"wp-block-spacer\"><\/div>\n\n\n\n<p>Lib\u00e9rez vous&#8230;le jeu est \u00e0 la pointe de l&rsquo;\u00e9p\u00e9e et vous permet de vous mesurer \u00e0 vos adversaires dans la plus grande convivialit\u00e9. Affinez vous&#8230;Id\u00e9al pour l&rsquo;entretien musculaire, l&rsquo;escrime vous tonifie et affine votre silhouette : \u00e9l\u00e9gance et ligne feront partie de votre quotidien !<\/p>\n\n\n\n<hr class=\"wp-block-separator has-alpha-channel-opacity\"\/>\n\n\n\n<h2 class=\"wp-block-heading has-text-align-center\">Pratique<\/h2>\n\n\n\n<div class=\"wp-block-media-text is-stacked-on-mobile is-image-fill\"><figure class=\"wp-block-media-text__media\" style=\"background-image:url(http:\/\/escrime-samauritain.fr\/wp-content\/uploads\/2023\/08\/escrime_determination.png);background-position:50% 50%\"><img decoding=\"async\" width=\"300\" height=\"300\" src=\"http:\/\/escrime-samauritain.fr\/wp-content\/uploads\/2023\/08\/escrime_determination.png\" alt=\"\" class=\"wp-image-263 size-full\" srcset=\"https:\/\/escrime-samauritain.fr\/wp-content\/uploads\/2023\/08\/escrime_determination.png 300w, https:\/\/escrime-samauritain.fr\/wp-content\/uploads\/2023\/08\/escrime_determination-150x150.png 150w\" sizes=\"(max-width: 300px) 100vw, 300px\" \/><\/figure><div class=\"wp-block-media-text__content\">\n<p>En pratique l&rsquo;escrime est un sport de combat opposant deux escrimeurs qui, \u00e0 l&rsquo;aide de leur arme, doivent toucher l&rsquo;adversaire.<\/p>\n\n\n\n<p>L&rsquo;\u00e9quipement est indispensable \u00e0 la pratique de l&rsquo;escrime il assure le maximum de protection compatible avec la libert\u00e9 de mouvement indispensable \u00e0 la pratique de l&rsquo;escrime : un masque, un gant, une veste r\u00e9sistante, une arme, un pantalon qui s&rsquo;arr\u00eate aux genoux, des chaussettes hautes et des chaussures l\u00e9g\u00e8res et stables. A savoir : en g\u00e9n\u00e9ral, les clubs pr\u00eatent le mat\u00e9riel et la tenue.<\/p>\n<\/div><\/div>\n\n\n\n<div style=\"height:20px\" aria-hidden=\"true\" class=\"wp-block-spacer\"><\/div>\n\n\n\n<p>Alliant des qualit\u00e9s physiques, mentales, techniques et tactiques, ce sport favorise la concentration, la ma\u00eetrise de soi, la coordination et l&rsquo;esprit d&rsquo;initiative et de d\u00e9cision.<\/p>\n\n\n\n<p>Conversation par les armes, l&rsquo;escrime est une discipline bas\u00e9e sur des valeurs partag\u00e9es de respect des r\u00e8gles, de l&rsquo;adversaire, de l&rsquo;arbitre, d&rsquo;abn\u00e9gation et de courage.<\/p>\n\n\n\n<p><strong>Un seul but : toucher sans \u00eatre touch\u00e9.<\/strong><\/p>\n\n\n\n<p>Tout en restant sur la piste, les escrimeurs doivent toucher la partie autoris\u00e9e de leur adversaire, la surface valable, \u00e0 l&rsquo;aide de leur arme. Entre le \u00ab allez ! \u00bb et le \u00ab halte \u00bb de l&rsquo;arbitre, ils r\u00e9alisent des actions codifi\u00e9es telles que l&rsquo;attaque et la riposte pour toucher l&rsquo;adversaire ou la parade pour se d\u00e9fendre. Ces encha\u00eenements d&rsquo;actions constituent la \u00ab phrase d&rsquo;armes \u00bb.<\/p>\n","protected":false},"excerpt":{"rendered":"<p>Respect et Ma\u00eetrise de soi sont les ma\u00eetres mots de l&rsquo;escrime. Sport de combat, il n&rsquo;est en aucun cas bas\u00e9 sur la force. L&rsquo;escrime est une discipline compl\u00e8te qui demande de la vitesse, de la pr\u00e9cision et des r\u00e9flexes. Sport individuel mais impossible sans partenaire, il se pratique aussi en<\/p>\n","protected":false},"author":1,"featured_media":340,"parent":0,"menu_order":0,"comment_status":"closed","ping_status":"closed","template":"","meta":{"_monsterinsights_skip_tracking":false,"_monsterinsights_sitenote_active":false,"_monsterinsights_sitenote_note":"","_monsterinsights_sitenote_category":0,"footnotes":""},"class_list":["post-178","page","type-page","status-publish","has-post-thumbnail","hentry"],"aioseo_notices":[],"_links":{"self":[{"href":"https:\/\/escrime-samauritain.fr\/index.php\/wp-json\/wp\/v2\/pages\/178","targetHints":{"allow":["GET"]}}],"collection":[{"href":"https:\/\/escrime-samauritain.fr\/index.php\/wp-json\/wp\/v2\/pages"}],"about":[{"href":"https:\/\/escrime-samauritain.fr\/index.php\/wp-json\/wp\/v2\/types\/page"}],"author":[{"embeddable":true,"href":"https:\/\/escrime-samauritain.fr\/index.php\/wp-json\/wp\/v2\/users\/1"}],"replies":[{"embeddable":true,"href":"https:\/\/escrime-samauritain.fr\/index.php\/wp-json\/wp\/v2\/comments?post=178"}],"version-history":[{"count":16,"href":"https:\/\/escrime-samauritain.fr\/index.php\/wp-json\/wp\/v2\/pages\/178\/revisions"}],"predecessor-version":[{"id":464,"href":"https:\/\/escrime-samauritain.fr\/index.php\/wp-json\/wp\/v2\/pages\/178\/revisions\/464"}],"wp:featuredmedia":[{"embeddable":true,"href":"https:\/\/escrime-samauritain.fr\/index.php\/wp-json\/wp\/v2\/media\/340"}],"wp:attachment":[{"href":"https:\/\/escrime-samauritain.fr\/index.php\/wp-json\/wp\/v2\/media?parent=178"}],"curies":[{"name":"wp","href":"https:\/\/api.w.org\/{rel}","templated":true}]}}